{"id":688,"date":"2020-03-10T11:14:28","date_gmt":"2020-03-10T10:14:28","guid":{"rendered":"http:\/\/orgelland.convident.site\/?post_type=product&#038;p=688"},"modified":"2026-02-12T14:01:23","modified_gmt":"2026-02-12T13:01:23","slug":"in-den-fusspuren-schnitgers","status":"publish","type":"product","link":"https:\/\/erfgoedpartners.nl\/webshop\/product\/in-den-fusspuren-schnitgers\/","title":{"rendered":"In  den Fu\u00dfspuren Schnitgers"},"content":{"rendered":"","protected":false},"excerpt":{"rendered":"<p>F\u00fcr viele liegen sie noch im Verborgenen, doch man findet sie in der Provinz Groningen und im Nordwesten Deutschlands in St\u00e4dten, D\u00f6rfern und \u00d6rtchen: prachtvolle Monumentalorgeln. Welche Geschichte haben diese jahrhundertealten Instrumente und die oft noch \u00e4lteren Kirchen, in denen sie stehen? Und wer hat sie gebaut? Das alles entdecken Sie mit diesem F\u00fchrer, der Ihnen unsere reiche Orgellandschaft vorstellt.<\/p>\n","protected":false},"featured_media":689,"template":"","meta":[],"product_brand":[],"product_cat":[20],"product_tag":[],"artikelsoort":[32],"class_list":{"0":"post-688","1":"product","2":"type-product","3":"status-publish","4":"has-post-thumbnail","6":"product_cat-orgels","7":"artikelsoort-boek","9":"first","10":"instock","11":"shipping-taxable","12":"purchasable","13":"product-type-simple"},"yoast_head":"<!-- This site is optimized with the Yoast SEO plugin v26.9 - https:\/\/yoast.com\/product\/yoast-seo-wordpress\/ -->\r\n<title>In den Fu\u00dfspuren Schnitgers - Webshop - Erfgoed in Groningen<\/title>\r\n<meta name=\"robots\" content=\"index, follow, max-snippet:-1, max-image-preview:large, max-video-preview:-1\" \/>\r\n<link rel=\"canonical\" href=\"https:\/\/erfgoedpartners.nl\/webshop\/product\/in-den-fusspuren-schnitgers\/\" \/>\r\n<meta property=\"og:locale\" content=\"nl_NL\" \/>\r\n<meta property=\"og:type\" content=\"article\" \/>\r\n<meta property=\"og:title\" content=\"In den Fu\u00dfspuren Schnitgers - Webshop - Erfgoed in Groningen\" \/>\r\n<meta property=\"og:description\" content=\"F\u00fcr viele liegen sie noch im Verborgenen, doch man findet sie in der Provinz Groningen und im Nordwesten Deutschlands in St\u00e4dten, D\u00f6rfern und \u00d6rtchen: prachtvolle Monumentalorgeln. Welche Geschichte haben diese jahrhundertealten Instrumente und die oft noch \u00e4lteren Kirchen, in denen sie stehen? Und wer hat sie gebaut? Das alles entdecken Sie mit diesem F\u00fchrer, der Ihnen unsere reiche Orgellandschaft vorstellt.\" \/>\r\n<meta property=\"og:url\" content=\"https:\/\/erfgoedpartners.nl\/webshop\/product\/in-den-fusspuren-schnitgers\/\" \/>\r\n<meta property=\"og:site_name\" content=\"Webshop - Erfgoed in Groningen\" \/>\r\n<meta property=\"article:modified_time\" content=\"2026-02-12T13:01:23+00:00\" \/>\r\n<meta property=\"og:image\" content=\"https:\/\/erfgoedpartners.nl\/webshop\/wp-content\/uploads\/2020\/03\/Fusspuren-e1769703671985.jpg\" \/>\r\n\t<meta property=\"og:image:width\" content=\"1600\" \/>\r\n\t<meta property=\"og:image:height\" content=\"1632\" \/>\r\n\t<meta property=\"og:image:type\" content=\"image\/jpeg\" \/>\r\n<meta name=\"twitter:card\" content=\"summary_large_image\" \/>\r\n<script type=\"application\/ld+json\" class=\"yoast-schema-graph\">{\"@context\":\"https:\/\/schema.org\",\"@graph\":[{\"@type\":\"WebPage\",\"@id\":\"https:\/\/erfgoedpartners.nl\/webshop\/product\/in-den-fusspuren-schnitgers\/\",\"url\":\"https:\/\/erfgoedpartners.nl\/webshop\/product\/in-den-fusspuren-schnitgers\/\",\"name\":\"In den Fu\u00dfspuren Schnitgers - Webshop - Erfgoed in Groningen\",\"isPartOf\":{\"@id\":\"https:\/\/erfgoedpartners.nl\/webshop\/#website\"},\"primaryImageOfPage\":{\"@id\":\"https:\/\/erfgoedpartners.nl\/webshop\/product\/in-den-fusspuren-schnitgers\/#primaryimage\"},\"image\":{\"@id\":\"https:\/\/erfgoedpartners.nl\/webshop\/product\/in-den-fusspuren-schnitgers\/#primaryimage\"},\"thumbnailUrl\":\"https:\/\/erfgoedpartners.nl\/webshop\/wp-content\/uploads\/2020\/03\/Fusspuren-e1769703671985.jpg\",\"datePublished\":\"2020-03-10T10:14:28+00:00\",\"dateModified\":\"2026-02-12T13:01:23+00:00\",\"breadcrumb\":{\"@id\":\"https:\/\/erfgoedpartners.nl\/webshop\/product\/in-den-fusspuren-schnitgers\/#breadcrumb\"},\"inLanguage\":\"nl-NL\",\"potentialAction\":[{\"@type\":\"ReadAction\",\"target\":[\"https:\/\/erfgoedpartners.nl\/webshop\/product\/in-den-fusspuren-schnitgers\/\"]}]},{\"@type\":\"ImageObject\",\"inLanguage\":\"nl-NL\",\"@id\":\"https:\/\/erfgoedpartners.nl\/webshop\/product\/in-den-fusspuren-schnitgers\/#primaryimage\",\"url\":\"https:\/\/erfgoedpartners.nl\/webshop\/wp-content\/uploads\/2020\/03\/Fusspuren-e1769703671985.jpg\",\"contentUrl\":\"https:\/\/erfgoedpartners.nl\/webshop\/wp-content\/uploads\/2020\/03\/Fusspuren-e1769703671985.jpg\",\"width\":1600,\"height\":1632,\"caption\":\"In den Fusspuren Schnitgers\"},{\"@type\":\"BreadcrumbList\",\"@id\":\"https:\/\/erfgoedpartners.nl\/webshop\/product\/in-den-fusspuren-schnitgers\/#breadcrumb\",\"itemListElement\":[{\"@type\":\"ListItem\",\"position\":1,\"name\":\"Home\",\"item\":\"https:\/\/erfgoedpartners.nl\/webshop\/\"},{\"@type\":\"ListItem\",\"position\":2,\"name\":\"Winkel\",\"item\":\"https:\/\/erfgoedpartners.nl\/webshop\/winkel\/\"},{\"@type\":\"ListItem\",\"position\":3,\"name\":\"In den Fu\u00dfspuren Schnitgers\"}]},{\"@type\":\"WebSite\",\"@id\":\"https:\/\/erfgoedpartners.nl\/webshop\/#website\",\"url\":\"https:\/\/erfgoedpartners.nl\/webshop\/\",\"name\":\"Webshop - Erfgoed in Groningen\",\"description\":\"webshop met artikelen over erfgoed\",\"publisher\":{\"@id\":\"https:\/\/erfgoedpartners.nl\/webshop\/#organization\"},\"potentialAction\":[{\"@type\":\"SearchAction\",\"target\":{\"@type\":\"EntryPoint\",\"urlTemplate\":\"https:\/\/erfgoedpartners.nl\/webshop\/?s={search_term_string}\"},\"query-input\":{\"@type\":\"PropertyValueSpecification\",\"valueRequired\":true,\"valueName\":\"search_term_string\"}}],\"inLanguage\":\"nl-NL\"},{\"@type\":\"Organization\",\"@id\":\"https:\/\/erfgoedpartners.nl\/webshop\/#organization\",\"name\":\"Erfgoedpartners\",\"url\":\"https:\/\/erfgoedpartners.nl\/webshop\/\",\"logo\":{\"@type\":\"ImageObject\",\"inLanguage\":\"nl-NL\",\"@id\":\"https:\/\/erfgoedpartners.nl\/webshop\/#\/schema\/logo\/image\/\",\"url\":\"https:\/\/erfgoedpartners.nl\/webshop\/wp-content\/uploads\/2020\/02\/logo.png\",\"contentUrl\":\"https:\/\/erfgoedpartners.nl\/webshop\/wp-content\/uploads\/2020\/02\/logo.png\",\"width\":279,\"height\":89,\"caption\":\"Erfgoedpartners\"},\"image\":{\"@id\":\"https:\/\/erfgoedpartners.nl\/webshop\/#\/schema\/logo\/image\/\"}}]}<\/script>\r\n<!-- \/ Yoast SEO plugin. -->","yoast_head_json":{"title":"In den Fu\u00dfspuren Schnitgers - Webshop - Erfgoed in Groningen","robots":{"index":"index","follow":"follow","max-snippet":"max-snippet:-1","max-image-preview":"max-image-preview:large","max-video-preview":"max-video-preview:-1"},"canonical":"https:\/\/erfgoedpartners.nl\/webshop\/product\/in-den-fusspuren-schnitgers\/","og_locale":"nl_NL","og_type":"article","og_title":"In den Fu\u00dfspuren Schnitgers - Webshop - Erfgoed in Groningen","og_description":"F\u00fcr viele liegen sie noch im Verborgenen, doch man findet sie in der Provinz Groningen und im Nordwesten Deutschlands in St\u00e4dten, D\u00f6rfern und \u00d6rtchen: prachtvolle Monumentalorgeln. Welche Geschichte haben diese jahrhundertealten Instrumente und die oft noch \u00e4lteren Kirchen, in denen sie stehen? Und wer hat sie gebaut? Das alles entdecken Sie mit diesem F\u00fchrer, der Ihnen unsere reiche Orgellandschaft vorstellt.","og_url":"https:\/\/erfgoedpartners.nl\/webshop\/product\/in-den-fusspuren-schnitgers\/","og_site_name":"Webshop - Erfgoed in Groningen","article_modified_time":"2026-02-12T13:01:23+00:00","og_image":[{"width":1600,"height":1632,"url":"https:\/\/erfgoedpartners.nl\/webshop\/wp-content\/uploads\/2020\/03\/Fusspuren-e1769703671985.jpg","type":"image\/jpeg"}],"twitter_card":"summary_large_image","schema":{"@context":"https:\/\/schema.org","@graph":[{"@type":"WebPage","@id":"https:\/\/erfgoedpartners.nl\/webshop\/product\/in-den-fusspuren-schnitgers\/","url":"https:\/\/erfgoedpartners.nl\/webshop\/product\/in-den-fusspuren-schnitgers\/","name":"In den Fu\u00dfspuren Schnitgers - Webshop - Erfgoed in Groningen","isPartOf":{"@id":"https:\/\/erfgoedpartners.nl\/webshop\/#website"},"primaryImageOfPage":{"@id":"https:\/\/erfgoedpartners.nl\/webshop\/product\/in-den-fusspuren-schnitgers\/#primaryimage"},"image":{"@id":"https:\/\/erfgoedpartners.nl\/webshop\/product\/in-den-fusspuren-schnitgers\/#primaryimage"},"thumbnailUrl":"https:\/\/erfgoedpartners.nl\/webshop\/wp-content\/uploads\/2020\/03\/Fusspuren-e1769703671985.jpg","datePublished":"2020-03-10T10:14:28+00:00","dateModified":"2026-02-12T13:01:23+00:00","breadcrumb":{"@id":"https:\/\/erfgoedpartners.nl\/webshop\/product\/in-den-fusspuren-schnitgers\/#breadcrumb"},"inLanguage":"nl-NL","potentialAction":[{"@type":"ReadAction","target":["https:\/\/erfgoedpartners.nl\/webshop\/product\/in-den-fusspuren-schnitgers\/"]}]},{"@type":"ImageObject","inLanguage":"nl-NL","@id":"https:\/\/erfgoedpartners.nl\/webshop\/product\/in-den-fusspuren-schnitgers\/#primaryimage","url":"https:\/\/erfgoedpartners.nl\/webshop\/wp-content\/uploads\/2020\/03\/Fusspuren-e1769703671985.jpg","contentUrl":"https:\/\/erfgoedpartners.nl\/webshop\/wp-content\/uploads\/2020\/03\/Fusspuren-e1769703671985.jpg","width":1600,"height":1632,"caption":"In den Fusspuren Schnitgers"},{"@type":"BreadcrumbList","@id":"https:\/\/erfgoedpartners.nl\/webshop\/product\/in-den-fusspuren-schnitgers\/#breadcrumb","itemListElement":[{"@type":"ListItem","position":1,"name":"Home","item":"https:\/\/erfgoedpartners.nl\/webshop\/"},{"@type":"ListItem","position":2,"name":"Winkel","item":"https:\/\/erfgoedpartners.nl\/webshop\/winkel\/"},{"@type":"ListItem","position":3,"name":"In den Fu\u00dfspuren Schnitgers"}]},{"@type":"WebSite","@id":"https:\/\/erfgoedpartners.nl\/webshop\/#website","url":"https:\/\/erfgoedpartners.nl\/webshop\/","name":"Webshop - Erfgoed in Groningen","description":"webshop met artikelen over erfgoed","publisher":{"@id":"https:\/\/erfgoedpartners.nl\/webshop\/#organization"},"potentialAction":[{"@type":"SearchAction","target":{"@type":"EntryPoint","urlTemplate":"https:\/\/erfgoedpartners.nl\/webshop\/?s={search_term_string}"},"query-input":{"@type":"PropertyValueSpecification","valueRequired":true,"valueName":"search_term_string"}}],"inLanguage":"nl-NL"},{"@type":"Organization","@id":"https:\/\/erfgoedpartners.nl\/webshop\/#organization","name":"Erfgoedpartners","url":"https:\/\/erfgoedpartners.nl\/webshop\/","logo":{"@type":"ImageObject","inLanguage":"nl-NL","@id":"https:\/\/erfgoedpartners.nl\/webshop\/#\/schema\/logo\/image\/","url":"https:\/\/erfgoedpartners.nl\/webshop\/wp-content\/uploads\/2020\/02\/logo.png","contentUrl":"https:\/\/erfgoedpartners.nl\/webshop\/wp-content\/uploads\/2020\/02\/logo.png","width":279,"height":89,"caption":"Erfgoedpartners"},"image":{"@id":"https:\/\/erfgoedpartners.nl\/webshop\/#\/schema\/logo\/image\/"}}]}},"_links":{"self":[{"href":"https:\/\/erfgoedpartners.nl\/webshop\/wp-json\/wp\/v2\/product\/688","targetHints":{"allow":["GET"]}}],"collection":[{"href":"https:\/\/erfgoedpartners.nl\/webshop\/wp-json\/wp\/v2\/product"}],"about":[{"href":"https:\/\/erfgoedpartners.nl\/webshop\/wp-json\/wp\/v2\/types\/product"}],"wp:featuredmedia":[{"embeddable":true,"href":"https:\/\/erfgoedpartners.nl\/webshop\/wp-json\/wp\/v2\/media\/689"}],"wp:attachment":[{"href":"https:\/\/erfgoedpartners.nl\/webshop\/wp-json\/wp\/v2\/media?parent=688"}],"wp:term":[{"taxonomy":"product_brand","embeddable":true,"href":"https:\/\/erfgoedpartners.nl\/webshop\/wp-json\/wp\/v2\/product_brand?post=688"},{"taxonomy":"product_cat","embeddable":true,"href":"https:\/\/erfgoedpartners.nl\/webshop\/wp-json\/wp\/v2\/product_cat?post=688"},{"taxonomy":"product_tag","embeddable":true,"href":"https:\/\/erfgoedpartners.nl\/webshop\/wp-json\/wp\/v2\/product_tag?post=688"},{"taxonomy":"artikelsoort","embeddable":true,"href":"https:\/\/erfgoedpartners.nl\/webshop\/wp-json\/wp\/v2\/artikelsoort?post=688"}],"curies":[{"name":"wp","href":"https:\/\/api.w.org\/{rel}","templated":true}]}}