{"id":1812,"date":"2025-05-05T09:11:45","date_gmt":"2025-05-05T07:11:45","guid":{"rendered":"https:\/\/erfgoedpartners.nl\/webshop\/?post_type=product&#038;p=1812"},"modified":"2026-03-12T15:15:01","modified_gmt":"2026-03-12T14:15:01","slug":"oorlogswinter","status":"publish","type":"product","link":"https:\/\/erfgoedpartners.nl\/webshop\/product\/oorlogswinter\/","title":{"rendered":"Oorlogswinter"},"content":{"rendered":"","protected":false},"excerpt":{"rendered":"<p>Tachteg joar noa bevrijden van Nederland verschient roman\u00a0<i>Oorlogswinter<\/i>\u00a0van Jan Terlouw ien n Grunneger vertoalen van Marten van Dijken.<\/p>\n<p>t Bouk gaait over Michiel, n jong van 16 joar. t Verhoal speult zuk \u00f2f ien Twijde Wereldoorlog, ien routkolde oorlogs-winter van 1944-1945. Mensken oet t Westen trekken ien laange riegen veur Michiel zien olderliek hoes laans, op zuik noar eten. Michiel helpt ze zoveul meugelk, net as Jan Terlouw dat destieds doan het dou hai oorlog mitmouk.<br \/>\nDick, Michiel zien buurjong, zit ien t verzet. Hai beroamt, mit twij aandern, n overvaal op n postkantoor. Mor t spul is verroaden en Dick wordt oppakt deur Duutsers. Zo rakt Michiel en zien zuster Erica, betrokken bie t verz\u00f6rgen van n Engelse piloot. Dij is mit zien vlaigtuug deelschoten en deur Dick bezied holden ien n hool ien t bos.<br \/>\nGoandeweg krigt Michiel aal meer te moaken mit t verzet tegen Duutsers. t Haile bouk deur vragt hai hom \u00f2f: w\u00e8l is te vertraauwen en w\u00e8l nait. Elk kin n verroader wezen. Hai onderviendt dat oorlog nait spannend is, zo as e eerst dochde, mor aldervrezelkst.<\/p>\n<p>En nog altied wordt ter vochten en is oorlog veur veul mensken nait verbie. Ien zien veurwoord schrift Jan Terlouw: \u2018Herinneringen aan de oorlog mogen niet verdwijnen, ieder boek over de oorlog moet aansporen om oorlogen te voorkomen. Ik hoop en vertrouw dat deze Groninger editie daar ook weer aan bij mag dragen.\u2019<\/p>\n","protected":false},"featured_media":1813,"template":"","meta":[],"product_brand":[],"product_cat":[64],"product_tag":[],"artikelsoort":[32],"class_list":{"0":"post-1812","1":"product","2":"type-product","3":"status-publish","4":"has-post-thumbnail","6":"product_cat-groninger-taal-en-cultuur","7":"artikelsoort-boek","9":"first","10":"instock","11":"shipping-taxable","12":"purchasable","13":"product-type-simple"},"yoast_head":"<!-- This site is optimized with the Yoast SEO plugin v26.9 - https:\/\/yoast.com\/product\/yoast-seo-wordpress\/ -->\r\n<title>Oorlogswinter - Webshop - Erfgoed in Groningen<\/title>\r\n<meta name=\"robots\" content=\"index, follow, max-snippet:-1, max-image-preview:large, max-video-preview:-1\" \/>\r\n<link rel=\"canonical\" href=\"https:\/\/erfgoedpartners.nl\/webshop\/product\/oorlogswinter\/\" \/>\r\n<meta property=\"og:locale\" content=\"nl_NL\" \/>\r\n<meta property=\"og:type\" content=\"article\" \/>\r\n<meta property=\"og:title\" content=\"Oorlogswinter - Webshop - Erfgoed in Groningen\" \/>\r\n<meta property=\"og:description\" content=\"Tachteg joar noa bevrijden van Nederland verschient roman\u00a0Oorlogswinter\u00a0van Jan Terlouw ien n Grunneger vertoalen van Marten van Dijken.  t Bouk gaait over Michiel, n jong van 16 joar. t Verhoal speult zuk \u00f2f ien Twijde Wereldoorlog, ien routkolde oorlogs-winter van 1944-1945. Mensken oet t Westen trekken ien laange riegen veur Michiel zien olderliek hoes laans, op zuik noar eten. Michiel helpt ze zoveul meugelk, net as Jan Terlouw dat destieds doan het dou hai oorlog mitmouk. Dick, Michiel zien buurjong, zit ien t verzet. Hai beroamt, mit twij aandern, n overvaal op n postkantoor. Mor t spul is verroaden en Dick wordt oppakt deur Duutsers. Zo rakt Michiel en zien zuster Erica, betrokken bie t verz\u00f6rgen van n Engelse piloot. Dij is mit zien vlaigtuug deelschoten en deur Dick bezied holden ien n hool ien t bos. Goandeweg krigt Michiel aal meer te moaken mit t verzet tegen Duutsers. t Haile bouk deur vragt hai hom \u00f2f: w\u00e8l is te vertraauwen en w\u00e8l nait. Elk kin n verroader wezen. Hai onderviendt dat oorlog nait spannend is, zo as e eerst dochde, mor aldervrezelkst.  En nog altied wordt ter vochten en is oorlog veur veul mensken nait verbie. Ien zien veurwoord schrift Jan Terlouw: \u2018Herinneringen aan de oorlog mogen niet verdwijnen, ieder boek over de oorlog moet aansporen om oorlogen te voorkomen. Ik hoop en vertrouw dat deze Groninger editie daar ook weer aan bij mag dragen.\u2019\" \/>\r\n<meta property=\"og:url\" content=\"https:\/\/erfgoedpartners.nl\/webshop\/product\/oorlogswinter\/\" \/>\r\n<meta property=\"og:site_name\" content=\"Webshop - Erfgoed in Groningen\" \/>\r\n<meta property=\"article:modified_time\" content=\"2026-03-12T14:15:01+00:00\" \/>\r\n<meta property=\"og:image\" content=\"https:\/\/erfgoedpartners.nl\/webshop\/wp-content\/uploads\/2025\/03\/Oorlogswinter.jpg\" \/>\r\n\t<meta property=\"og:image:width\" content=\"619\" \/>\r\n\t<meta property=\"og:image:height\" content=\"901\" \/>\r\n\t<meta property=\"og:image:type\" content=\"image\/jpeg\" \/>\r\n<meta name=\"twitter:card\" content=\"summary_large_image\" \/>\r\n<meta name=\"twitter:label1\" content=\"Geschatte leestijd\" \/>\n\t<meta name=\"twitter:data1\" content=\"1 minuut\" \/>\r\n<script type=\"application\/ld+json\" class=\"yoast-schema-graph\">{\"@context\":\"https:\/\/schema.org\",\"@graph\":[{\"@type\":\"WebPage\",\"@id\":\"https:\/\/erfgoedpartners.nl\/webshop\/product\/oorlogswinter\/\",\"url\":\"https:\/\/erfgoedpartners.nl\/webshop\/product\/oorlogswinter\/\",\"name\":\"Oorlogswinter - Webshop - Erfgoed in Groningen\",\"isPartOf\":{\"@id\":\"https:\/\/erfgoedpartners.nl\/webshop\/#website\"},\"primaryImageOfPage\":{\"@id\":\"https:\/\/erfgoedpartners.nl\/webshop\/product\/oorlogswinter\/#primaryimage\"},\"image\":{\"@id\":\"https:\/\/erfgoedpartners.nl\/webshop\/product\/oorlogswinter\/#primaryimage\"},\"thumbnailUrl\":\"https:\/\/erfgoedpartners.nl\/webshop\/wp-content\/uploads\/2025\/03\/Oorlogswinter.jpg\",\"datePublished\":\"2025-05-05T07:11:45+00:00\",\"dateModified\":\"2026-03-12T14:15:01+00:00\",\"breadcrumb\":{\"@id\":\"https:\/\/erfgoedpartners.nl\/webshop\/product\/oorlogswinter\/#breadcrumb\"},\"inLanguage\":\"nl-NL\",\"potentialAction\":[{\"@type\":\"ReadAction\",\"target\":[\"https:\/\/erfgoedpartners.nl\/webshop\/product\/oorlogswinter\/\"]}]},{\"@type\":\"ImageObject\",\"inLanguage\":\"nl-NL\",\"@id\":\"https:\/\/erfgoedpartners.nl\/webshop\/product\/oorlogswinter\/#primaryimage\",\"url\":\"https:\/\/erfgoedpartners.nl\/webshop\/wp-content\/uploads\/2025\/03\/Oorlogswinter.jpg\",\"contentUrl\":\"https:\/\/erfgoedpartners.nl\/webshop\/wp-content\/uploads\/2025\/03\/Oorlogswinter.jpg\",\"width\":619,\"height\":901,\"caption\":\"Oorlogswinter ien t Grunnens\"},{\"@type\":\"BreadcrumbList\",\"@id\":\"https:\/\/erfgoedpartners.nl\/webshop\/product\/oorlogswinter\/#breadcrumb\",\"itemListElement\":[{\"@type\":\"ListItem\",\"position\":1,\"name\":\"Home\",\"item\":\"https:\/\/erfgoedpartners.nl\/webshop\/\"},{\"@type\":\"ListItem\",\"position\":2,\"name\":\"Winkel\",\"item\":\"https:\/\/erfgoedpartners.nl\/webshop\/winkel\/\"},{\"@type\":\"ListItem\",\"position\":3,\"name\":\"Oorlogswinter\"}]},{\"@type\":\"WebSite\",\"@id\":\"https:\/\/erfgoedpartners.nl\/webshop\/#website\",\"url\":\"https:\/\/erfgoedpartners.nl\/webshop\/\",\"name\":\"Webshop - Erfgoed in Groningen\",\"description\":\"webshop met artikelen over erfgoed\",\"publisher\":{\"@id\":\"https:\/\/erfgoedpartners.nl\/webshop\/#organization\"},\"potentialAction\":[{\"@type\":\"SearchAction\",\"target\":{\"@type\":\"EntryPoint\",\"urlTemplate\":\"https:\/\/erfgoedpartners.nl\/webshop\/?s={search_term_string}\"},\"query-input\":{\"@type\":\"PropertyValueSpecification\",\"valueRequired\":true,\"valueName\":\"search_term_string\"}}],\"inLanguage\":\"nl-NL\"},{\"@type\":\"Organization\",\"@id\":\"https:\/\/erfgoedpartners.nl\/webshop\/#organization\",\"name\":\"Erfgoedpartners\",\"url\":\"https:\/\/erfgoedpartners.nl\/webshop\/\",\"logo\":{\"@type\":\"ImageObject\",\"inLanguage\":\"nl-NL\",\"@id\":\"https:\/\/erfgoedpartners.nl\/webshop\/#\/schema\/logo\/image\/\",\"url\":\"https:\/\/erfgoedpartners.nl\/webshop\/wp-content\/uploads\/2020\/02\/logo.png\",\"contentUrl\":\"https:\/\/erfgoedpartners.nl\/webshop\/wp-content\/uploads\/2020\/02\/logo.png\",\"width\":279,\"height\":89,\"caption\":\"Erfgoedpartners\"},\"image\":{\"@id\":\"https:\/\/erfgoedpartners.nl\/webshop\/#\/schema\/logo\/image\/\"}}]}<\/script>\r\n<!-- \/ Yoast SEO plugin. -->","yoast_head_json":{"title":"Oorlogswinter - Webshop - Erfgoed in Groningen","robots":{"index":"index","follow":"follow","max-snippet":"max-snippet:-1","max-image-preview":"max-image-preview:large","max-video-preview":"max-video-preview:-1"},"canonical":"https:\/\/erfgoedpartners.nl\/webshop\/product\/oorlogswinter\/","og_locale":"nl_NL","og_type":"article","og_title":"Oorlogswinter - Webshop - Erfgoed in Groningen","og_description":"Tachteg joar noa bevrijden van Nederland verschient roman\u00a0Oorlogswinter\u00a0van Jan Terlouw ien n Grunneger vertoalen van Marten van Dijken.  t Bouk gaait over Michiel, n jong van 16 joar. t Verhoal speult zuk \u00f2f ien Twijde Wereldoorlog, ien routkolde oorlogs-winter van 1944-1945. Mensken oet t Westen trekken ien laange riegen veur Michiel zien olderliek hoes laans, op zuik noar eten. Michiel helpt ze zoveul meugelk, net as Jan Terlouw dat destieds doan het dou hai oorlog mitmouk. Dick, Michiel zien buurjong, zit ien t verzet. Hai beroamt, mit twij aandern, n overvaal op n postkantoor. Mor t spul is verroaden en Dick wordt oppakt deur Duutsers. Zo rakt Michiel en zien zuster Erica, betrokken bie t verz\u00f6rgen van n Engelse piloot. Dij is mit zien vlaigtuug deelschoten en deur Dick bezied holden ien n hool ien t bos. Goandeweg krigt Michiel aal meer te moaken mit t verzet tegen Duutsers. t Haile bouk deur vragt hai hom \u00f2f: w\u00e8l is te vertraauwen en w\u00e8l nait. Elk kin n verroader wezen. Hai onderviendt dat oorlog nait spannend is, zo as e eerst dochde, mor aldervrezelkst.  En nog altied wordt ter vochten en is oorlog veur veul mensken nait verbie. Ien zien veurwoord schrift Jan Terlouw: \u2018Herinneringen aan de oorlog mogen niet verdwijnen, ieder boek over de oorlog moet aansporen om oorlogen te voorkomen. Ik hoop en vertrouw dat deze Groninger editie daar ook weer aan bij mag dragen.\u2019","og_url":"https:\/\/erfgoedpartners.nl\/webshop\/product\/oorlogswinter\/","og_site_name":"Webshop - Erfgoed in Groningen","article_modified_time":"2026-03-12T14:15:01+00:00","og_image":[{"width":619,"height":901,"url":"https:\/\/erfgoedpartners.nl\/webshop\/wp-content\/uploads\/2025\/03\/Oorlogswinter.jpg","type":"image\/jpeg"}],"twitter_card":"summary_large_image","twitter_misc":{"Geschatte leestijd":"1 minuut"},"schema":{"@context":"https:\/\/schema.org","@graph":[{"@type":"WebPage","@id":"https:\/\/erfgoedpartners.nl\/webshop\/product\/oorlogswinter\/","url":"https:\/\/erfgoedpartners.nl\/webshop\/product\/oorlogswinter\/","name":"Oorlogswinter - Webshop - Erfgoed in Groningen","isPartOf":{"@id":"https:\/\/erfgoedpartners.nl\/webshop\/#website"},"primaryImageOfPage":{"@id":"https:\/\/erfgoedpartners.nl\/webshop\/product\/oorlogswinter\/#primaryimage"},"image":{"@id":"https:\/\/erfgoedpartners.nl\/webshop\/product\/oorlogswinter\/#primaryimage"},"thumbnailUrl":"https:\/\/erfgoedpartners.nl\/webshop\/wp-content\/uploads\/2025\/03\/Oorlogswinter.jpg","datePublished":"2025-05-05T07:11:45+00:00","dateModified":"2026-03-12T14:15:01+00:00","breadcrumb":{"@id":"https:\/\/erfgoedpartners.nl\/webshop\/product\/oorlogswinter\/#breadcrumb"},"inLanguage":"nl-NL","potentialAction":[{"@type":"ReadAction","target":["https:\/\/erfgoedpartners.nl\/webshop\/product\/oorlogswinter\/"]}]},{"@type":"ImageObject","inLanguage":"nl-NL","@id":"https:\/\/erfgoedpartners.nl\/webshop\/product\/oorlogswinter\/#primaryimage","url":"https:\/\/erfgoedpartners.nl\/webshop\/wp-content\/uploads\/2025\/03\/Oorlogswinter.jpg","contentUrl":"https:\/\/erfgoedpartners.nl\/webshop\/wp-content\/uploads\/2025\/03\/Oorlogswinter.jpg","width":619,"height":901,"caption":"Oorlogswinter ien t Grunnens"},{"@type":"BreadcrumbList","@id":"https:\/\/erfgoedpartners.nl\/webshop\/product\/oorlogswinter\/#breadcrumb","itemListElement":[{"@type":"ListItem","position":1,"name":"Home","item":"https:\/\/erfgoedpartners.nl\/webshop\/"},{"@type":"ListItem","position":2,"name":"Winkel","item":"https:\/\/erfgoedpartners.nl\/webshop\/winkel\/"},{"@type":"ListItem","position":3,"name":"Oorlogswinter"}]},{"@type":"WebSite","@id":"https:\/\/erfgoedpartners.nl\/webshop\/#website","url":"https:\/\/erfgoedpartners.nl\/webshop\/","name":"Webshop - Erfgoed in Groningen","description":"webshop met artikelen over erfgoed","publisher":{"@id":"https:\/\/erfgoedpartners.nl\/webshop\/#organization"},"potentialAction":[{"@type":"SearchAction","target":{"@type":"EntryPoint","urlTemplate":"https:\/\/erfgoedpartners.nl\/webshop\/?s={search_term_string}"},"query-input":{"@type":"PropertyValueSpecification","valueRequired":true,"valueName":"search_term_string"}}],"inLanguage":"nl-NL"},{"@type":"Organization","@id":"https:\/\/erfgoedpartners.nl\/webshop\/#organization","name":"Erfgoedpartners","url":"https:\/\/erfgoedpartners.nl\/webshop\/","logo":{"@type":"ImageObject","inLanguage":"nl-NL","@id":"https:\/\/erfgoedpartners.nl\/webshop\/#\/schema\/logo\/image\/","url":"https:\/\/erfgoedpartners.nl\/webshop\/wp-content\/uploads\/2020\/02\/logo.png","contentUrl":"https:\/\/erfgoedpartners.nl\/webshop\/wp-content\/uploads\/2020\/02\/logo.png","width":279,"height":89,"caption":"Erfgoedpartners"},"image":{"@id":"https:\/\/erfgoedpartners.nl\/webshop\/#\/schema\/logo\/image\/"}}]}},"_links":{"self":[{"href":"https:\/\/erfgoedpartners.nl\/webshop\/wp-json\/wp\/v2\/product\/1812","targetHints":{"allow":["GET"]}}],"collection":[{"href":"https:\/\/erfgoedpartners.nl\/webshop\/wp-json\/wp\/v2\/product"}],"about":[{"href":"https:\/\/erfgoedpartners.nl\/webshop\/wp-json\/wp\/v2\/types\/product"}],"wp:featuredmedia":[{"embeddable":true,"href":"https:\/\/erfgoedpartners.nl\/webshop\/wp-json\/wp\/v2\/media\/1813"}],"wp:attachment":[{"href":"https:\/\/erfgoedpartners.nl\/webshop\/wp-json\/wp\/v2\/media?parent=1812"}],"wp:term":[{"taxonomy":"product_brand","embeddable":true,"href":"https:\/\/erfgoedpartners.nl\/webshop\/wp-json\/wp\/v2\/product_brand?post=1812"},{"taxonomy":"product_cat","embeddable":true,"href":"https:\/\/erfgoedpartners.nl\/webshop\/wp-json\/wp\/v2\/product_cat?post=1812"},{"taxonomy":"product_tag","embeddable":true,"href":"https:\/\/erfgoedpartners.nl\/webshop\/wp-json\/wp\/v2\/product_tag?post=1812"},{"taxonomy":"artikelsoort","embeddable":true,"href":"https:\/\/erfgoedpartners.nl\/webshop\/wp-json\/wp\/v2\/artikelsoort?post=1812"}],"curies":[{"name":"wp","href":"https:\/\/api.w.org\/{rel}","templated":true}]}}