{"id":1522,"date":"2023-12-21T09:24:36","date_gmt":"2023-12-21T08:24:36","guid":{"rendered":"https:\/\/erfgoedpartners.nl\/webshop\/?post_type=product&#038;p=1522"},"modified":"2026-03-12T15:17:45","modified_gmt":"2026-03-12T14:17:45","slug":"mengelmouzen","status":"publish","type":"product","link":"https:\/\/erfgoedpartners.nl\/webshop\/product\/mengelmouzen\/","title":{"rendered":"Mengelmouzen"},"content":{"rendered":"","protected":false},"excerpt":{"rendered":"<p>Mengelmouzen is een bundel columns die gaan over Groningse taal van straat, markt, kroeg, kerk en kantine. Grunneger toal opgemerkt en vastgelegd door een import-Stadjer die gecharmeerd is van woorden en uitdrukkingen die nooit helemaal vertaald kunnen worden en Groninger understatements (vertaal dat maar eens even in \u00e9\u00e9n woord Gronings of Standaardnederlands) waar een Engelsman nog wat van leren kan. <\/p>\n<p>Haar vlotte vriend vindt Gronings wel een \u2018aard\u00e8g toltjuh, groppech\u2019. Kan hier natuurlijk niet, meent hij beslist. Hij noemt haar Audrey: Aukje is z\u00f3\u00f3\u00f3 oubo. (Soms kan ik erg goed mijn mond houden en luisteren.) <em>Uit Eerappels mit r\u00f2kkies <\/em><\/p>\n<p>Hij schatert door de bus: \u201cKiek moe, blode kont en blode \u2026..\u201d, wordt hem vastberaden door moe de mond gesnoerd. Medepassagiers proesten even vrolijk, de chauffeur kan een grijns niet bedwingen en moe kriegt n kleur as n Westerleese kers\u2026 Blote Bet. Al generaties gegarandeerd aandacht! <em>Uit Blote Bet<\/em><\/p>\n","protected":false},"featured_media":1523,"template":"","meta":[],"product_brand":[],"product_cat":[64],"product_tag":[],"artikelsoort":[32],"class_list":{"0":"post-1522","1":"product","2":"type-product","3":"status-publish","4":"has-post-thumbnail","6":"product_cat-groninger-taal-en-cultuur","7":"artikelsoort-boek","9":"first","10":"instock","11":"shipping-taxable","12":"purchasable","13":"product-type-simple"},"yoast_head":"<!-- This site is optimized with the Yoast SEO plugin v26.9 - https:\/\/yoast.com\/product\/yoast-seo-wordpress\/ -->\r\n<title>Mengelmouzen - Webshop - Erfgoed in Groningen<\/title>\r\n<meta name=\"robots\" content=\"index, follow, max-snippet:-1, max-image-preview:large, max-video-preview:-1\" \/>\r\n<link rel=\"canonical\" href=\"https:\/\/erfgoedpartners.nl\/webshop\/product\/mengelmouzen\/\" \/>\r\n<meta property=\"og:locale\" content=\"nl_NL\" \/>\r\n<meta property=\"og:type\" content=\"article\" \/>\r\n<meta property=\"og:title\" content=\"Mengelmouzen - Webshop - Erfgoed in Groningen\" \/>\r\n<meta property=\"og:description\" content=\"Mengelmouzen is een bundel columns die gaan over Groningse taal van straat, markt, kroeg, kerk en kantine. Grunneger toal opgemerkt en vastgelegd door een import-Stadjer die gecharmeerd is van woorden en uitdrukkingen die nooit helemaal vertaald kunnen worden en Groninger understatements (vertaal dat maar eens even in \u00e9\u00e9n woord Gronings of Standaardnederlands) waar een Engelsman nog wat van leren kan.   Haar vlotte vriend vindt Gronings wel een \u2018aard\u00e8g toltjuh, groppech\u2019. Kan hier natuurlijk niet, meent hij beslist. Hij noemt haar Audrey: Aukje is z\u00f3\u00f3\u00f3 oubo. (Soms kan ik erg goed mijn mond houden en luisteren.) Uit Eerappels mit r\u00f2kkies   Hij schatert door de bus: \u201cKiek moe, blode kont en blode \u2026..\u201d, wordt hem vastberaden door moe de mond gesnoerd. Medepassagiers proesten even vrolijk, de chauffeur kan een grijns niet bedwingen en moe kriegt n kleur as n Westerleese kers\u2026 Blote Bet. Al generaties gegarandeerd aandacht! Uit Blote Bet\" \/>\r\n<meta property=\"og:url\" content=\"https:\/\/erfgoedpartners.nl\/webshop\/product\/mengelmouzen\/\" \/>\r\n<meta property=\"og:site_name\" content=\"Webshop - Erfgoed in Groningen\" \/>\r\n<meta property=\"article:modified_time\" content=\"2026-03-12T14:17:45+00:00\" \/>\r\n<meta property=\"og:image\" content=\"https:\/\/erfgoedpartners.nl\/webshop\/wp-content\/uploads\/2023\/12\/Bouk.jpg\" \/>\r\n\t<meta property=\"og:image:width\" content=\"846\" \/>\r\n\t<meta property=\"og:image:height\" content=\"1200\" \/>\r\n\t<meta property=\"og:image:type\" content=\"image\/jpeg\" \/>\r\n<meta name=\"twitter:card\" content=\"summary_large_image\" \/>\r\n<script type=\"application\/ld+json\" class=\"yoast-schema-graph\">{\"@context\":\"https:\/\/schema.org\",\"@graph\":[{\"@type\":\"WebPage\",\"@id\":\"https:\/\/erfgoedpartners.nl\/webshop\/product\/mengelmouzen\/\",\"url\":\"https:\/\/erfgoedpartners.nl\/webshop\/product\/mengelmouzen\/\",\"name\":\"Mengelmouzen - Webshop - Erfgoed in Groningen\",\"isPartOf\":{\"@id\":\"https:\/\/erfgoedpartners.nl\/webshop\/#website\"},\"primaryImageOfPage\":{\"@id\":\"https:\/\/erfgoedpartners.nl\/webshop\/product\/mengelmouzen\/#primaryimage\"},\"image\":{\"@id\":\"https:\/\/erfgoedpartners.nl\/webshop\/product\/mengelmouzen\/#primaryimage\"},\"thumbnailUrl\":\"https:\/\/erfgoedpartners.nl\/webshop\/wp-content\/uploads\/2023\/12\/Bouk.jpg\",\"datePublished\":\"2023-12-21T08:24:36+00:00\",\"dateModified\":\"2026-03-12T14:17:45+00:00\",\"breadcrumb\":{\"@id\":\"https:\/\/erfgoedpartners.nl\/webshop\/product\/mengelmouzen\/#breadcrumb\"},\"inLanguage\":\"nl-NL\",\"potentialAction\":[{\"@type\":\"ReadAction\",\"target\":[\"https:\/\/erfgoedpartners.nl\/webshop\/product\/mengelmouzen\/\"]}]},{\"@type\":\"ImageObject\",\"inLanguage\":\"nl-NL\",\"@id\":\"https:\/\/erfgoedpartners.nl\/webshop\/product\/mengelmouzen\/#primaryimage\",\"url\":\"https:\/\/erfgoedpartners.nl\/webshop\/wp-content\/uploads\/2023\/12\/Bouk.jpg\",\"contentUrl\":\"https:\/\/erfgoedpartners.nl\/webshop\/wp-content\/uploads\/2023\/12\/Bouk.jpg\",\"width\":846,\"height\":1200,\"caption\":\"Mengelmouzen boek\"},{\"@type\":\"BreadcrumbList\",\"@id\":\"https:\/\/erfgoedpartners.nl\/webshop\/product\/mengelmouzen\/#breadcrumb\",\"itemListElement\":[{\"@type\":\"ListItem\",\"position\":1,\"name\":\"Home\",\"item\":\"https:\/\/erfgoedpartners.nl\/webshop\/\"},{\"@type\":\"ListItem\",\"position\":2,\"name\":\"Winkel\",\"item\":\"https:\/\/erfgoedpartners.nl\/webshop\/winkel\/\"},{\"@type\":\"ListItem\",\"position\":3,\"name\":\"Mengelmouzen\"}]},{\"@type\":\"WebSite\",\"@id\":\"https:\/\/erfgoedpartners.nl\/webshop\/#website\",\"url\":\"https:\/\/erfgoedpartners.nl\/webshop\/\",\"name\":\"Webshop - Erfgoed in Groningen\",\"description\":\"webshop met artikelen over erfgoed\",\"publisher\":{\"@id\":\"https:\/\/erfgoedpartners.nl\/webshop\/#organization\"},\"potentialAction\":[{\"@type\":\"SearchAction\",\"target\":{\"@type\":\"EntryPoint\",\"urlTemplate\":\"https:\/\/erfgoedpartners.nl\/webshop\/?s={search_term_string}\"},\"query-input\":{\"@type\":\"PropertyValueSpecification\",\"valueRequired\":true,\"valueName\":\"search_term_string\"}}],\"inLanguage\":\"nl-NL\"},{\"@type\":\"Organization\",\"@id\":\"https:\/\/erfgoedpartners.nl\/webshop\/#organization\",\"name\":\"Erfgoedpartners\",\"url\":\"https:\/\/erfgoedpartners.nl\/webshop\/\",\"logo\":{\"@type\":\"ImageObject\",\"inLanguage\":\"nl-NL\",\"@id\":\"https:\/\/erfgoedpartners.nl\/webshop\/#\/schema\/logo\/image\/\",\"url\":\"https:\/\/erfgoedpartners.nl\/webshop\/wp-content\/uploads\/2020\/02\/logo.png\",\"contentUrl\":\"https:\/\/erfgoedpartners.nl\/webshop\/wp-content\/uploads\/2020\/02\/logo.png\",\"width\":279,\"height\":89,\"caption\":\"Erfgoedpartners\"},\"image\":{\"@id\":\"https:\/\/erfgoedpartners.nl\/webshop\/#\/schema\/logo\/image\/\"}}]}<\/script>\r\n<!-- \/ Yoast SEO plugin. -->","yoast_head_json":{"title":"Mengelmouzen - Webshop - Erfgoed in Groningen","robots":{"index":"index","follow":"follow","max-snippet":"max-snippet:-1","max-image-preview":"max-image-preview:large","max-video-preview":"max-video-preview:-1"},"canonical":"https:\/\/erfgoedpartners.nl\/webshop\/product\/mengelmouzen\/","og_locale":"nl_NL","og_type":"article","og_title":"Mengelmouzen - Webshop - Erfgoed in Groningen","og_description":"Mengelmouzen is een bundel columns die gaan over Groningse taal van straat, markt, kroeg, kerk en kantine. Grunneger toal opgemerkt en vastgelegd door een import-Stadjer die gecharmeerd is van woorden en uitdrukkingen die nooit helemaal vertaald kunnen worden en Groninger understatements (vertaal dat maar eens even in \u00e9\u00e9n woord Gronings of Standaardnederlands) waar een Engelsman nog wat van leren kan.   Haar vlotte vriend vindt Gronings wel een \u2018aard\u00e8g toltjuh, groppech\u2019. Kan hier natuurlijk niet, meent hij beslist. Hij noemt haar Audrey: Aukje is z\u00f3\u00f3\u00f3 oubo. (Soms kan ik erg goed mijn mond houden en luisteren.) Uit Eerappels mit r\u00f2kkies   Hij schatert door de bus: \u201cKiek moe, blode kont en blode \u2026..\u201d, wordt hem vastberaden door moe de mond gesnoerd. Medepassagiers proesten even vrolijk, de chauffeur kan een grijns niet bedwingen en moe kriegt n kleur as n Westerleese kers\u2026 Blote Bet. Al generaties gegarandeerd aandacht! Uit Blote Bet","og_url":"https:\/\/erfgoedpartners.nl\/webshop\/product\/mengelmouzen\/","og_site_name":"Webshop - Erfgoed in Groningen","article_modified_time":"2026-03-12T14:17:45+00:00","og_image":[{"width":846,"height":1200,"url":"https:\/\/erfgoedpartners.nl\/webshop\/wp-content\/uploads\/2023\/12\/Bouk.jpg","type":"image\/jpeg"}],"twitter_card":"summary_large_image","schema":{"@context":"https:\/\/schema.org","@graph":[{"@type":"WebPage","@id":"https:\/\/erfgoedpartners.nl\/webshop\/product\/mengelmouzen\/","url":"https:\/\/erfgoedpartners.nl\/webshop\/product\/mengelmouzen\/","name":"Mengelmouzen - Webshop - Erfgoed in Groningen","isPartOf":{"@id":"https:\/\/erfgoedpartners.nl\/webshop\/#website"},"primaryImageOfPage":{"@id":"https:\/\/erfgoedpartners.nl\/webshop\/product\/mengelmouzen\/#primaryimage"},"image":{"@id":"https:\/\/erfgoedpartners.nl\/webshop\/product\/mengelmouzen\/#primaryimage"},"thumbnailUrl":"https:\/\/erfgoedpartners.nl\/webshop\/wp-content\/uploads\/2023\/12\/Bouk.jpg","datePublished":"2023-12-21T08:24:36+00:00","dateModified":"2026-03-12T14:17:45+00:00","breadcrumb":{"@id":"https:\/\/erfgoedpartners.nl\/webshop\/product\/mengelmouzen\/#breadcrumb"},"inLanguage":"nl-NL","potentialAction":[{"@type":"ReadAction","target":["https:\/\/erfgoedpartners.nl\/webshop\/product\/mengelmouzen\/"]}]},{"@type":"ImageObject","inLanguage":"nl-NL","@id":"https:\/\/erfgoedpartners.nl\/webshop\/product\/mengelmouzen\/#primaryimage","url":"https:\/\/erfgoedpartners.nl\/webshop\/wp-content\/uploads\/2023\/12\/Bouk.jpg","contentUrl":"https:\/\/erfgoedpartners.nl\/webshop\/wp-content\/uploads\/2023\/12\/Bouk.jpg","width":846,"height":1200,"caption":"Mengelmouzen boek"},{"@type":"BreadcrumbList","@id":"https:\/\/erfgoedpartners.nl\/webshop\/product\/mengelmouzen\/#breadcrumb","itemListElement":[{"@type":"ListItem","position":1,"name":"Home","item":"https:\/\/erfgoedpartners.nl\/webshop\/"},{"@type":"ListItem","position":2,"name":"Winkel","item":"https:\/\/erfgoedpartners.nl\/webshop\/winkel\/"},{"@type":"ListItem","position":3,"name":"Mengelmouzen"}]},{"@type":"WebSite","@id":"https:\/\/erfgoedpartners.nl\/webshop\/#website","url":"https:\/\/erfgoedpartners.nl\/webshop\/","name":"Webshop - Erfgoed in Groningen","description":"webshop met artikelen over erfgoed","publisher":{"@id":"https:\/\/erfgoedpartners.nl\/webshop\/#organization"},"potentialAction":[{"@type":"SearchAction","target":{"@type":"EntryPoint","urlTemplate":"https:\/\/erfgoedpartners.nl\/webshop\/?s={search_term_string}"},"query-input":{"@type":"PropertyValueSpecification","valueRequired":true,"valueName":"search_term_string"}}],"inLanguage":"nl-NL"},{"@type":"Organization","@id":"https:\/\/erfgoedpartners.nl\/webshop\/#organization","name":"Erfgoedpartners","url":"https:\/\/erfgoedpartners.nl\/webshop\/","logo":{"@type":"ImageObject","inLanguage":"nl-NL","@id":"https:\/\/erfgoedpartners.nl\/webshop\/#\/schema\/logo\/image\/","url":"https:\/\/erfgoedpartners.nl\/webshop\/wp-content\/uploads\/2020\/02\/logo.png","contentUrl":"https:\/\/erfgoedpartners.nl\/webshop\/wp-content\/uploads\/2020\/02\/logo.png","width":279,"height":89,"caption":"Erfgoedpartners"},"image":{"@id":"https:\/\/erfgoedpartners.nl\/webshop\/#\/schema\/logo\/image\/"}}]}},"_links":{"self":[{"href":"https:\/\/erfgoedpartners.nl\/webshop\/wp-json\/wp\/v2\/product\/1522","targetHints":{"allow":["GET"]}}],"collection":[{"href":"https:\/\/erfgoedpartners.nl\/webshop\/wp-json\/wp\/v2\/product"}],"about":[{"href":"https:\/\/erfgoedpartners.nl\/webshop\/wp-json\/wp\/v2\/types\/product"}],"wp:featuredmedia":[{"embeddable":true,"href":"https:\/\/erfgoedpartners.nl\/webshop\/wp-json\/wp\/v2\/media\/1523"}],"wp:attachment":[{"href":"https:\/\/erfgoedpartners.nl\/webshop\/wp-json\/wp\/v2\/media?parent=1522"}],"wp:term":[{"taxonomy":"product_brand","embeddable":true,"href":"https:\/\/erfgoedpartners.nl\/webshop\/wp-json\/wp\/v2\/product_brand?post=1522"},{"taxonomy":"product_cat","embeddable":true,"href":"https:\/\/erfgoedpartners.nl\/webshop\/wp-json\/wp\/v2\/product_cat?post=1522"},{"taxonomy":"product_tag","embeddable":true,"href":"https:\/\/erfgoedpartners.nl\/webshop\/wp-json\/wp\/v2\/product_tag?post=1522"},{"taxonomy":"artikelsoort","embeddable":true,"href":"https:\/\/erfgoedpartners.nl\/webshop\/wp-json\/wp\/v2\/artikelsoort?post=1522"}],"curies":[{"name":"wp","href":"https:\/\/api.w.org\/{rel}","templated":true}]}}